{"id":6,"date":"2021-12-01T09:49:38","date_gmt":"2021-12-01T09:49:38","guid":{"rendered":"https:\/\/telxira.com\/?page_id=6"},"modified":"2025-01-09T09:38:30","modified_gmt":"2025-01-09T09:38:30","slug":"home","status":"publish","type":"page","link":"https:\/\/telxira.com\/de\/","title":{"rendered":"Home"},"content":{"rendered":"<h2>\n\t\tMeeting Your Business Goals with Business Messaging\n\t<\/h2>\n\ttelXira enables you to capture the opportunity in<br>\nomni-channel business messaging\n\tA <strong>simple and powerful<\/strong><br>\napproach to business messaging.\n<h2>\n\t\tLiefern.\n\t<\/h2>\n<h2>\n\t\tVerwalten.\n\t<\/h2>\n<h2>\n\t\tOptimieren.\n\t<\/h2>\n<h2>\n\t\tWachsen.\n\t<\/h2>\n\t<p class=\" translation-block\">Wir unterst\u00fctzen <strong>Unternehmen<\/strong> bei der Nutzung von Omni-Channel Business Messaging, um Zielgruppen mit Marketingkampagnen, Transaktions-SMS, Zwei-Faktor-Authentifizierung und eine ganze Reihe von Anwendungsf\u00e4llen zu erreichen.<\/p>\n\t<p class=\" translation-block\">Wir bieten Anleitungen und Erkenntnisse, die es <strong>Dienstanbietern<\/strong> erm\u00f6glichen, schnell in den Markt f\u00fcr Business Messaging einzusteigen und Unternehmenskunden mit unserer White-Label-Plattform neue Produkte und Services anzubieten.<\/p>\n\tAn all-in-one <strong>omni-channel \u200b<\/strong><br>\n<strong>business messaging<\/strong> platform.\n\t<p class=\" translation-block\">Unsere Plattform bietet eine intuitive und benutzerfreundliche M\u00f6glichkeit, Business Messaging in Ihrem Unternehmen bereitzustellen, zu verwalten, zu optimieren und auszubauen.<\/p>\n\t<p>Wir kombinieren Branchenkenntnisse und -erfahrungen mit einer Plattform, die f\u00fcr Benutzer entwickelt wurde, um Partnern dabei zu helfen, die M\u00f6glichkeiten des Business Messaging zu nutzen und gleichzeitig Unternehmenskunden Einfachheit und Effizienz zu bieten.<\/p>\n\t\t\t\t<img decoding=\"async\" src=\"http:\/\/telxira.com\/wp-content\/uploads\/2025\/01\/illustration.png\" alt=\"illustration\" itemprop=\"image\" title=\"illustration\" onerror=\"this.style.display='none'\">\n\t\t\t\t<img decoding=\"async\" src=\"http:\/\/telxira.com\/wp-content\/uploads\/2025\/01\/Channels-2.png\" alt=\"Channels-2\" itemprop=\"image\" title=\"Channels-2\" onerror=\"this.style.display='none'\">\n\tWe make deploying and growing business messaging<br>\n<strong>simple, efficient, and easy. <\/strong>\u200b\n\t<p>Wir arbeiten mit Ihnen zusammen, um Go-to-Market-Strategien zu entwickeln und umzusetzen. Wir m\u00f6chten Ihren langfristigen Erfolg im Bereich Business Messaging von Anfang bis Ende zu sichern.<\/p>\n\t<p>Unternehmen und Service Provider entscheiden sich f\u00fcr telXira, weil wir Ihnen zuh\u00f6ren und Ihr Gesch\u00e4ft verstehen, um dann gemeinsam mit Ihnen die Ergebnisse zu erzielen, die Sie sich f\u00fcr Business Messaging w\u00fcnschen.<\/p>\n\t<style type='text\/css' media='all'>#tss-container-498692886.tss-wrapper .tss-carousel1,\r\n\t\t\t\t\t\t\t#tss-container-498692886.tss-wrapper .tss-isotope1 .profile-img-wrapper:after, .tss-wrapper .tss-layout9 .profile-img-wrapper:after, .tss-wrapper .tss-isotope4 .profile-img-wrapper:after, .tss-wrapper .tss-carousel9 .profile-img-wrapper:after { \r\n\t\t\t\t\t\t\t\tbackground: #8224e3 !important;\r\n\t\t\t\t\t\t\t}#tss-container-498692886.tss-wrapper .tss-layout10 .item-content-wrapper,\r\n\t\t\t\t\t#tss-container-498692886.tss-wrapper .tss-isotope3 .item-content-wrapper,\r\n\t\t\t\t\t#tss-container-498692886.tss-wrapper .tss-isotope5 .item-content-wrapper,\r\n\t\t\t\t\t#tss-container-498692886.tss-wrapper .tss-carousel10 .item-content-wrapper{background: transparent;}<\/style><div class='rt-container-fluid tss-wrapper' id='tss-container-498692886'  data-layout='carousel3' data-desktop-col='1'  data-tab-col='1'  data-mobile-col='1'><div data-title='Loading ...' class='rt-row tss-carousel3 tss-even tss-pre-loader'><div class='tss-carousel' \r\n\t\t\t\t\t\t\t\t\t\tdata-loop='true'\r\n\t\t\t                            data-items-desktop='1'\r\n\t\t\t                            data-items-tab='1'\r\n\t\t\t                            data-items-mobile='1'\r\n\t\t\t                            data-autoplay='true'\r\n\t\t\t                            data-autoplay-timeout='10000'\r\n\t\t\t                            data-autoplay-hover-pause='false'\r\n\t\t\t                            data-dots='false'\r\n\t\t\t                            data-nav='false'\r\n\t\t\t                            data-lazy-load='false'\r\n\t\t\t                            data-auto-height='false'\r\n\t\t\t                            data-rtl='false'\r\n\t\t\t                            data-smart-speed='2500'\r\n\t\t\t\t\t\t\t\t\t\t><div class='rt-col-md-12 rt-col-sm-12 rt-col-xs-12 even-grid-item tss-grid-item carousel-item even-grid-item default-margin'><div class=\"single-item-wrapper\"><div class=\"item-content-wrapper\"><div class='item-content'>telXira hat uns enorm unterst\u00fctzt, damit wir uns darauf konzentrieren konnten, das Gesch\u00e4ft zum Laufen zu bringen, sowohl in Bezug auf den Plattform-Support als auch darauf, das Telia-Team auf den neuesten Stand zu bringen.<\/div><\/div><div class=\"test-author\"><h4 class=\"author-bio\"><span class='author-designation'>Fabio Bottan<\/span><span class='item-company'>Senior Messaging Specialist, Telia Carrier, now Arelion<\/span><\/span><\/h4><\/div><div class=\"tss-meta-info\"><div class='profile-img-wrapper'><img width=\"610\" height=\"146\" src=\"https:\/\/telxira.com\/wp-content\/uploads\/2021\/12\/Arelion-Logo_cropped.png\" class=\"rt-responsive-img\" alt=\"\" decoding=\"async\" loading=\"lazy\" \/><\/div><\/div><\/div><\/div><div class='rt-col-md-12 rt-col-sm-12 rt-col-xs-12 even-grid-item tss-grid-item carousel-item even-grid-item default-margin'><div class=\"single-item-wrapper\"><div class=\"item-content-wrapper\"><div class='item-content'>telXira veranstaltete einen ganzt\u00e4gigen Workshop f\u00fcr Titan. Wir fanden ihn sehr interessant und informativ. Da wir aus der Telefonie-Sparte kommen, hatten wir wenig Wissen oder Erfahrung mit der SMS-Welt. Am Ende des Workshops hatten wir ein klares Verst\u00e4ndnis der Gesch\u00e4ftsgrundlagen. Damit waren wir gut vorbereitet und bereit, unser SMS-Gesch\u00e4ft zu starten.<\/div><\/div><div class=\"test-author\"><h4 class=\"author-bio\"><span class='author-designation'>Razvan Constantin<\/span><span class='item-company'>Gesch\u00e4ftsf\u00fchrender Direktor,\nTitan International Wholesale<\/span><\/span><\/h4><\/div><div class=\"tss-meta-info\"><div class='profile-img-wrapper'><img width=\"94\" height=\"94\" src=\"https:\/\/telxira.com\/wp-content\/uploads\/2021\/12\/tx.png\" class=\"rt-responsive-img\" alt=\"\" decoding=\"async\" loading=\"lazy\" \/><\/div><\/div><\/div><\/div><div class='rt-col-md-12 rt-col-sm-12 rt-col-xs-12 even-grid-item tss-grid-item carousel-item even-grid-item default-margin'><div class=\"single-item-wrapper\"><div class=\"item-content-wrapper\"><div class='item-content'>telXira hat einen exzellenten Schulungstag veranstaltet, perfekt f\u00fcr neue Mitarbeiter, die nicht aus der Branche kommen, um sie auf den neuesten Stand der Nachrichten\u00fcbermittlung zu bringen und ihnen den Kontext zu vermitteln.<\/div><\/div><div class=\"test-author\"><h4 class=\"author-bio\"><span class='author-designation'>Michael Maginot<\/span><span class='item-company'>Gesch\u00e4ftsf\u00fchrender Direktor,\nLink Mobility<\/span><\/span><\/h4><\/div><div class=\"tss-meta-info\"><div class='profile-img-wrapper'><img width=\"208\" height=\"109\" src=\"https:\/\/telxira.com\/wp-content\/uploads\/2021\/12\/link.png\" class=\"rt-responsive-img\" alt=\"\" decoding=\"async\" loading=\"lazy\" \/><\/div><\/div><\/div><\/div><div class='rt-col-md-12 rt-col-sm-12 rt-col-xs-12 even-grid-item tss-grid-item carousel-item even-grid-item default-margin'><div class=\"single-item-wrapper\"><div class=\"item-content-wrapper\"><div class='item-content'>Mit der Unternehmensplattform von telXira k\u00f6nnen wir unseren Endkunden eine professionelle und benutzerfreundliche Oberfl\u00e4che zur Verwaltung ihrer Kampagnen anbieten. Die Plattform ist einfach zu bedienen und bietet gleichzeitig eine Vielzahl von Services, sowie ein detailliertes Reporting. Wir k\u00f6nnten nicht zufriedener mit der Plattform sein.<\/div><\/div><div class=\"test-author\"><h4 class=\"author-bio\"><span class='author-designation'>Boaz Yaya<\/span><span class='item-company'>Gesch\u00e4ftsf\u00fchrender Direktor, \nSynq Africa<\/span><\/span><\/h4><\/div><div class=\"tss-meta-info\"><div class='profile-img-wrapper'><img width=\"208\" height=\"107\" src=\"https:\/\/telxira.com\/wp-content\/uploads\/2021\/12\/synq.png\" class=\"rt-responsive-img\" alt=\"\" decoding=\"async\" loading=\"lazy\" \/><\/div><\/div><\/div><\/div><div class='rt-col-md-12 rt-col-sm-12 rt-col-xs-12 even-grid-item tss-grid-item carousel-item even-grid-item default-margin'><div class=\"single-item-wrapper\"><div class=\"item-content-wrapper\"><div class='item-content'>telXira hat die perfekte Plattform f\u00fcr die Verwaltung der Messaging-Ansp\u00fcche des Unternehmens in der Cloud. Sie haben sich weit \u00fcber das normale Ma\u00df hinaus engagiert, um uns zu unterst\u00fctzen und die L\u00f6sung zu realisieren.<\/div><\/div><div class=\"test-author\"><h4 class=\"author-bio\"><span class='author-designation'>Ronan Higgins<\/span><span class='item-company'>Gesch\u00e4ftsf\u00fchrender Direktor,\nCoolwave Communications<\/span><\/span><\/h4><\/div><div class=\"tss-meta-info\"><div class='profile-img-wrapper'><img width=\"208\" height=\"80\" src=\"https:\/\/telxira.com\/wp-content\/uploads\/2021\/12\/coolwave.png\" class=\"rt-responsive-img\" alt=\"\" decoding=\"async\" loading=\"lazy\" \/><\/div><\/div><\/div><\/div><\/div><div class=\"rt-loading-overlay\"><\/div><div class=\"rt-loading rt-ball-clip-rotate\"><div><\/div><\/div><\/div><\/div>","protected":false},"excerpt":{"rendered":"<p>Meeting Your Business Goals with Business Messaging telXira enables you to capture the opportunity in omni-channel business messaging A simple and powerful approach to business messaging. Deliver. Manage. Optimise. Grow. We support enterprises as they use omni-channel business messaging to reach audiences with marketing campaigns, transactional SMS, Two-Factor Authentication, and a whole range of use &hellip;<\/p>\n<p class=\"read-more\"> <a class=\"\" href=\"https:\/\/telxira.com\/de\/testimonial\/above-and-beyond\/\"> <span class=\"screen-reader-text\">Above and Beyond<\/span> Weiterlesen \u00bb<\/a><\/p>","protected":false},"author":1,"featured_media":0,"parent":0,"menu_order":0,"comment_status":"closed","ping_status":"closed","template":"","meta":{"om_disable_all_campaigns":false,"_mi_skip_tracking":false,"site-sidebar-layout":"no-sidebar","site-content-layout":"page-builder","ast-main-header-display":"","ast-hfb-above-header-display":"","ast-hfb-below-header-display":"","ast-hfb-mobile-header-display":"","site-post-title":"disabled","ast-breadcrumbs-content":"","ast-featured-img":"disabled","footer-sml-layout":"","theme-transparent-header-meta":"enabled","adv-header-id-meta":"","stick-header-meta":"","header-above-stick-meta":"","header-main-stick-meta":"","header-below-stick-meta":""},"aioseo_notices":[],"_links":{"self":[{"href":"https:\/\/telxira.com\/de\/wp-json\/wp\/v2\/pages\/6"}],"collection":[{"href":"https:\/\/telxira.com\/de\/wp-json\/wp\/v2\/pages"}],"about":[{"href":"https:\/\/telxira.com\/de\/wp-json\/wp\/v2\/types\/page"}],"author":[{"embeddable":true,"href":"https:\/\/telxira.com\/de\/wp-json\/wp\/v2\/users\/1"}],"replies":[{"embeddable":true,"href":"https:\/\/telxira.com\/de\/wp-json\/wp\/v2\/comments?post=6"}],"version-history":[{"count":98,"href":"https:\/\/telxira.com\/de\/wp-json\/wp\/v2\/pages\/6\/revisions"}],"predecessor-version":[{"id":740,"href":"https:\/\/telxira.com\/de\/wp-json\/wp\/v2\/pages\/6\/revisions\/740"}],"wp:attachment":[{"href":"https:\/\/telxira.com\/de\/wp-json\/wp\/v2\/media?parent=6"}],"curies":[{"name":"wp","href":"https:\/\/api.w.org\/{rel}","templated":true}]}}