{"id":20,"date":"2021-12-01T10:08:21","date_gmt":"2021-12-01T10:08:21","guid":{"rendered":"https:\/\/telxira.com\/?page_id=20"},"modified":"2024-11-27T11:19:00","modified_gmt":"2024-11-27T11:19:00","slug":"contact-us","status":"publish","type":"page","link":"https:\/\/telxira.com\/de\/contact-us\/","title":{"rendered":"Kontakt"},"content":{"rendered":"<h2>\n\t\tKontakt\n\t<\/h2>\n\t\t\t\t<img decoding=\"async\" loading=\"lazy\" src=\"https:\/\/telxira.com\/wp-content\/uploads\/2021\/12\/Wavy-Shape-Divider-New-1.png\" alt=\"Wavy Shape Divider New\" itemprop=\"image\" height=\"449\" width=\"4000\" title=\"Wavy Shape Divider New\" onerror=\"this.style.display='none'\"  \/>\n\t<p>Mit unseren Messaging L\u00f6sungen k\u00f6nnen Sie das Maximum aus Ihrer Kommunikation holen. Sagen Sie uns Ihre Ideen und wir sorgen f\u00fcr die Umsetzung. Wir freuen uns, von Ihnen zu h\u00f6ren.<\/p>\n\t<p>telXira GmbH<\/p>\n\t\t\t\t<img decoding=\"async\" loading=\"lazy\" src=\"https:\/\/telxira.com\/wp-content\/uploads\/2021\/12\/QR-Code-300x296.jpg\" alt=\"QR-Code\" itemprop=\"image\" height=\"296\" width=\"300\" title=\"QR-Code\" onerror=\"this.style.display='none'\"  \/>","protected":false},"excerpt":{"rendered":"<p>Contact Us You can trigger a whole lot more with our messaging solutions. Tell us your ideas and we will design a solution just for you. Please get in touch with your queries. telXira GmbH<\/p>","protected":false},"author":1,"featured_media":0,"parent":0,"menu_order":0,"comment_status":"closed","ping_status":"closed","template":"","meta":{"om_disable_all_campaigns":false,"_mi_skip_tracking":false,"site-sidebar-layout":"","site-content-layout":"","ast-main-header-display":"","ast-hfb-above-header-display":"","ast-hfb-below-header-display":"","ast-hfb-mobile-header-display":"","site-post-title":"disabled","ast-breadcrumbs-content":"","ast-featured-img":"","footer-sml-layout":"","theme-transparent-header-meta":"enabled","adv-header-id-meta":"","stick-header-meta":"","header-above-stick-meta":"","header-main-stick-meta":"","header-below-stick-meta":""},"aioseo_notices":[],"_links":{"self":[{"href":"https:\/\/telxira.com\/de\/wp-json\/wp\/v2\/pages\/20"}],"collection":[{"href":"https:\/\/telxira.com\/de\/wp-json\/wp\/v2\/pages"}],"about":[{"href":"https:\/\/telxira.com\/de\/wp-json\/wp\/v2\/types\/page"}],"author":[{"embeddable":true,"href":"https:\/\/telxira.com\/de\/wp-json\/wp\/v2\/users\/1"}],"replies":[{"embeddable":true,"href":"https:\/\/telxira.com\/de\/wp-json\/wp\/v2\/comments?post=20"}],"version-history":[{"count":13,"href":"https:\/\/telxira.com\/de\/wp-json\/wp\/v2\/pages\/20\/revisions"}],"predecessor-version":[{"id":709,"href":"https:\/\/telxira.com\/de\/wp-json\/wp\/v2\/pages\/20\/revisions\/709"}],"wp:attachment":[{"href":"https:\/\/telxira.com\/de\/wp-json\/wp\/v2\/media?parent=20"}],"curies":[{"name":"wp","href":"https:\/\/api.w.org\/{rel}","templated":true}]}}