{"id":14,"date":"2021-12-01T10:07:16","date_gmt":"2021-12-01T10:07:16","guid":{"rendered":"https:\/\/telxira.com\/?page_id=14"},"modified":"2024-11-27T11:33:12","modified_gmt":"2024-11-27T11:33:12","slug":"service-provider","status":"publish","type":"page","link":"https:\/\/telxira.com\/de\/service-provider\/","title":{"rendered":"Service Provider"},"content":{"rendered":"<h2>\n\t\tSchnelles Monetarisieren der Chancen im Omni-Channel Business Messaging. \n\t<\/h2>\n\t<p>Erschlie\u00dfen Sie neues Wachstum f\u00fcr Unternehmen mit einer benutzerzentrierten Messaging-Plattform.<\/p>\n\t\t\t\t<img decoding=\"async\" loading=\"lazy\" src=\"https:\/\/telxira.com\/wp-content\/uploads\/2021\/12\/Wavy-Shape-Divider-New-1.png\" alt=\"Wavy Shape Divider New\" itemprop=\"image\" height=\"449\" width=\"4000\" title=\"Wavy Shape Divider New\" onerror=\"this.style.display='none'\"  \/>\n\t<p class=\" translation-block\">Mit unserer White-Label-Plattform f\u00fcr Business Messaging k\u00f6nnen Sie schnell in den Messaging-Markt einsteigen und die Anforderungen Ihrer Unternehmenskunden besser erf\u00fcllen.<\/p>\nWe make it <strong>simple and seamless<\/strong> to develop a go-to-market strategy and execute it<br \/>\nwith a platform built for users.\n<h2>\n\t\tErschlie\u00dfen Sie den Markt f\u00fcr Business Messaging mit einem zuverl\u00e4ssigen Partner.\n\t<\/h2>\n\t<p>Wir arbeiten mit Ihnen zusammen, um den erfolgreichen Start und das Wachstum Ihres Business Messaging-Gesch\u00e4fts zu gew\u00e4hrleisten - bei jedem Schritt.<\/p>\n\t\t\t\t<img decoding=\"async\" loading=\"lazy\" src=\"https:\/\/telxira.com\/wp-content\/uploads\/2021\/12\/Icon-1-1024x968.png\" alt=\"Icon 1\" itemprop=\"image\" height=\"968\" width=\"1024\" title=\"Icon 1\" onerror=\"this.style.display='none'\"  \/>\n\t\t\t\t<img decoding=\"async\" loading=\"lazy\" src=\"https:\/\/telxira.com\/wp-content\/uploads\/2021\/12\/Icon-2-609x1024.png\" alt=\"Icon 2\" itemprop=\"image\" height=\"1024\" width=\"609\" title=\"Icon 2\" onerror=\"this.style.display='none'\"  \/>\n<h2>\n\t\tMaximieren Sie Ihren ROI mit einer bew\u00e4hrten Plattform, die f\u00fcr Ihre Kunden sofort einsatzbereit ist.  \n\t<\/h2>\n\t<p>Unsere Plattform kann sich sofort und ohne Entwicklungskosten auf Ihren Gewinn auswirken. <\/p>\n<h2>\n\t\tBauen Sie Ihre Kundenbeziehungen aus, wenn die Nachfrage nach Messaging in Unternehmen steigt.\n\t<\/h2>\n\t<p>Mit unserer White-Label-Plattform behalten Sie die Kontrolle \u00fcber Ihre Kundenbeziehungen und bieten gleichzeitig die Messaging-Dienste an, die diese ben\u00f6tigen.  <\/p>\n\t\t\t\t<img decoding=\"async\" loading=\"lazy\" src=\"https:\/\/telxira.com\/wp-content\/uploads\/2021\/12\/Icon-3-1024x805.png\" alt=\"Icon 3\" itemprop=\"image\" height=\"805\" width=\"1024\" title=\"Icon 3\" onerror=\"this.style.display='none'\"  \/>\n<h2>\n\t\tVerstehen Sie die M\u00f6glichkeiten des Business Messaging.\n\t<\/h2>\n\t<p>Juniper Research sch\u00e4tzt, dass im Jahr 2023 3,5 Billionen A2P-Nachrichten verschickt werden, gegen\u00fcber gesch\u00e4tzten 2,5 Billionen im Jahr 2019 - ein Anstieg um 40 % in vier Jahren. Bis Ende 2030 wird der weltweite A2P-Messaging-Markt voraussichtlich 101 Milliarden US-Dollar wert sein.<\/p>\n<p>Dienstanbieter haben die M\u00f6glichkeit, mit einer intuitiven und benutzerfreundlichen Plattform in einen schnell wachsenden Markt einzusteigen und neue Ums\u00e4tze zu erzielen.<\/p>\n\t\t\t\t<img decoding=\"async\" loading=\"lazy\" src=\"https:\/\/telxira.com\/wp-content\/uploads\/2021\/12\/Wavy-Shape-Divider-2-New.png\" alt=\"Wavy Shape Divider 2 New\" itemprop=\"image\" height=\"481\" width=\"4000\" title=\"Wavy Shape Divider 2 New\" onerror=\"this.style.display='none'\"  \/>\n\t<strong>An All-In-One \u200b<br \/>\nBusiness Messaging Platform<\/strong>\n\t<p>Eine einzige Plattform f\u00fcr die \u00dcbermittlung von Nachrichten \u00fcber mehrere Kan\u00e4le.<\/p>\n<p class=\" translation-block\">Wir haben unsere Plattform so konzipiert, dass sie viele Funktionen bietet und einfach zu bedienen ist.<\/p>\n<p>Unternehmen k\u00f6nnen schnell in das Business Messaging einsteigen und Transaktions-SMS, Zwei-Faktor-Authentifizierung, Kundenservice und -support, Marketingkampagnen und eine ganze Reihe von Anwendungsf\u00e4llen bereitstellen.<\/p>\n\t\t\t\t<img decoding=\"async\" loading=\"lazy\" src=\"https:\/\/telxira.com\/wp-content\/uploads\/2021\/12\/tel-new-1024x533.png\" alt=\"tel-new\" itemprop=\"image\" height=\"533\" width=\"1024\" title=\"tel-new\" onerror=\"this.style.display='none'\"  \/>\n\t\t\t\t<img decoding=\"async\" loading=\"lazy\" src=\"https:\/\/telxira.com\/wp-content\/uploads\/2021\/12\/fb-messenger.png\" alt=\"fb-messenger\" itemprop=\"image\" height=\"313\" width=\"437\" title=\"fb-messenger\" onerror=\"this.style.display='none'\"  \/>\n<h2>\n\t\tFacebook Messenger\n\t<\/h2>\n\t\t\t\t<img decoding=\"async\" loading=\"lazy\" src=\"https:\/\/telxira.com\/wp-content\/uploads\/2021\/12\/sms.png\" alt=\"sms\" itemprop=\"image\" height=\"313\" width=\"437\" title=\"sms\" onerror=\"this.style.display='none'\"  \/>\n<h2>\n\t\tSMS\n\t<\/h2>\n\t\t\t\t<img decoding=\"async\" loading=\"lazy\" src=\"https:\/\/telxira.com\/wp-content\/uploads\/2021\/12\/whatsapp.png\" alt=\"whatsapp\" itemprop=\"image\" height=\"313\" width=\"437\" title=\"whatsapp\" onerror=\"this.style.display='none'\"  \/>\n<h2>\n\t\tWhatsApp\n\t<\/h2>\n\t\t\t\t<img decoding=\"async\" loading=\"lazy\" src=\"https:\/\/telxira.com\/wp-content\/uploads\/2021\/12\/viber.png\" alt=\"viber\" itemprop=\"image\" height=\"313\" width=\"437\" title=\"viber\" onerror=\"this.style.display='none'\"  \/>\n<h2>\n\t\tViber\n\t<\/h2>\n\t\t\t\t<img decoding=\"async\" loading=\"lazy\" src=\"https:\/\/telxira.com\/wp-content\/uploads\/2021\/12\/telegram.png\" alt=\"telegram\" itemprop=\"image\" height=\"313\" width=\"437\" title=\"telegram\" onerror=\"this.style.display='none'\"  \/>\n<h2>\n\t\tTelegram\n\t<\/h2>\n\t<p class=\" translation-block\">Wir haben unser Partnermodell entwickelt, um Service Providern den Einstieg in den Business Messaging-Markt zu erleichtern und ihr Wachstum zu f\u00f6rdern.<\/p>\n<h2>\n\t\tEin Partnerzentriertes Modell\n\t<\/h2>\n\t<p>Wir arbeiten mit unseren Partnern zusammen, h\u00f6ren ihnen zu und arbeiten mit ihnen zusammen, um sicherzustellen, dass sie erfolgreich sind und ihren Umsatz im Bereich Business Messaging steigern<\/p>\n<h2>\n\t\tA Simple &#038; Powerful Platform\n\t<\/h2>\n\t<p>Unsere Plattform wurde so konzipiert, dass sie einfach zu bedienen ist und die Funktionen und M\u00f6glichkeiten bietet, die Unternehmen w\u00fcnschen<\/p>\n<h2 class=\" translation-block\">Kontinuierliche Innovation<\/h2>\n\t<p>We are continually updating and refining our platform to better meet your enterprise customers&#8217; needs<\/p>\n<h2>\n\t\tEnd-to-End <br \/>Support\n\t<\/h2>\n\t<p>Wir bieten Ihnen Einblicke, Anleitung und Unterst\u00fctzung w\u00e4hrend Ihrer gesamten Reise im Bereich Business Messaging <\/p>\n<h2 class=\" translation-block\">Warum telXira w\u00e4hlen?<\/h2>\n\t\t\t\t\t\t\t\t\t\t\t\t\t\t\t<h2>Wir engagieren uns f\u00fcr Ihren Erfolg<\/h2>\n\t\t\t<!-- END .front -->\n\t\t\t\t\t\t<p>Wir setzen uns daf\u00fcr ein, dass unsere Partner im Bereich Business Messaging erfolgreich sind<\/p>\t\t\t\t\t\n\t\t\t<!-- END .back -->\n\t\t <!-- ifb-flip-box -->\n\t <!-- flip-box -->\n\t\t\t\t\t\t\t\t\t\t\t\t\t\t\t<h2 class=\" translation-block\">Wir verf\u00fcgen \u00fcber eine bew\u00e4hrte Plattform<\/h2>\n\t\t\t<!-- END .front -->\n\t\t\t\t\t\t<p>Unternehmen, die unsere Plattform nutzen, sind ihr treu und sorgen f\u00fcr langfristige, wiederkehrende Einnahmequellen<\/p>\t\t\t\t\t\n\t\t\t<!-- END .back -->\n\t\t <!-- ifb-flip-box -->\n\t <!-- flip-box -->\n\t\t\t\t\t\t\t\t\t\t\t\t\t\t\t<h2>Wir sind Experten f\u00fcr Messaging<\/h2>\n\t\t\t<!-- END .front -->\n\t\t\t\t\t\t<p>Das ist alles, was wir tun. Wir k\u00f6nnen Ihnen helfen, den Markt zu verstehen und Ihr Potenzial im Bereich Business Messaging zu maximieren<\/p>\t\t\t\t\t\n\t\t\t<!-- END .back -->\n\t\t <!-- ifb-flip-box -->\n\t <!-- flip-box -->\n\t\t\t\t\t\t\t\t\t\t\t\t\t\t\t<h2 class=\" translation-block\">Wir sind vertrauensw\u00fcrdig<\/h2>\n\t\t\t<!-- END .front -->\n\t\t\t\t\t\t<p>Wir haben eine Erfolgsbilanz, die es unseren Partnern erm\u00f6glicht, im Bereich Business Messaging mit minimalen Vorabinvestitionen zu wachsen<\/p>\t\t\t\t\t\n\t\t\t<!-- END .back -->\n\t\t <!-- ifb-flip-box -->\n\t <!-- flip-box -->\n\t<p class=\" translation-block\">M\u00f6chten Sie eine Partnerschaft eingehen, um Ihr Unternehmen auf dem Markt f\u00fcr Gesch\u00e4ftsnachrichten auszubauen?<\/p>","protected":false},"excerpt":{"rendered":"<p>Rapidly Monetise the Opportunity in Omni-Channel Business Messaging. Capture new growth serving enterprises with a user-centric messaging platform. Our white-label business messaging platform enables you to quickly enter the messaging market and serve more of your enterprise customers&#8217; demands. \u200b We make it simple and seamless to develop a go-to-market strategy and execute it with &hellip;<\/p>\n<p class=\"read-more\"> <a class=\"\" href=\"https:\/\/telxira.com\/de\/service-provider\/\"> <span class=\"screen-reader-text\">Service Provider<\/span> Weiterlesen \u00bb<\/a><\/p>","protected":false},"author":1,"featured_media":0,"parent":0,"menu_order":0,"comment_status":"closed","ping_status":"closed","template":"","meta":{"om_disable_all_campaigns":false,"_mi_skip_tracking":false,"site-sidebar-layout":"no-sidebar","site-content-layout":"page-builder","ast-main-header-display":"","ast-hfb-above-header-display":"","ast-hfb-below-header-display":"","ast-hfb-mobile-header-display":"","site-post-title":"disabled","ast-breadcrumbs-content":"","ast-featured-img":"disabled","footer-sml-layout":"","theme-transparent-header-meta":"enabled","adv-header-id-meta":"","stick-header-meta":"","header-above-stick-meta":"","header-main-stick-meta":"","header-below-stick-meta":""},"aioseo_notices":[],"_links":{"self":[{"href":"https:\/\/telxira.com\/de\/wp-json\/wp\/v2\/pages\/14"}],"collection":[{"href":"https:\/\/telxira.com\/de\/wp-json\/wp\/v2\/pages"}],"about":[{"href":"https:\/\/telxira.com\/de\/wp-json\/wp\/v2\/types\/page"}],"author":[{"embeddable":true,"href":"https:\/\/telxira.com\/de\/wp-json\/wp\/v2\/users\/1"}],"replies":[{"embeddable":true,"href":"https:\/\/telxira.com\/de\/wp-json\/wp\/v2\/comments?post=14"}],"version-history":[{"count":31,"href":"https:\/\/telxira.com\/de\/wp-json\/wp\/v2\/pages\/14\/revisions"}],"predecessor-version":[{"id":713,"href":"https:\/\/telxira.com\/de\/wp-json\/wp\/v2\/pages\/14\/revisions\/713"}],"wp:attachment":[{"href":"https:\/\/telxira.com\/de\/wp-json\/wp\/v2\/media?parent=14"}],"curies":[{"name":"wp","href":"https:\/\/api.w.org\/{rel}","templated":true}]}}