{"id":10,"date":"2021-12-01T10:06:32","date_gmt":"2021-12-01T10:06:32","guid":{"rendered":"https:\/\/telxira.com\/?page_id=10"},"modified":"2024-11-27T11:29:40","modified_gmt":"2024-11-27T11:29:40","slug":"about-us","status":"publish","type":"page","link":"https:\/\/telxira.com\/de\/about-us\/","title":{"rendered":"\u00dcber uns"},"content":{"rendered":"<h2>\n\t\tWir machen es einfach, effizient und leicht, Ihre Gesch\u00e4ftsziele mit Business Messaging zu erreichen.\n\t<\/h2>\n\t\t\t\t<img decoding=\"async\" loading=\"lazy\" src=\"https:\/\/telxira.com\/wp-content\/uploads\/2021\/12\/Wavy-Shape-Divider-New-1.png\" alt=\"Wavy Shape Divider New\" itemprop=\"image\" height=\"449\" width=\"4000\" title=\"Wavy Shape Divider New\" onerror=\"this.style.display='none'\"  \/>\n\ttelXira was founded in 2013 to challenge the status quo in the business messaging market and deliver user-centric solutions that are delivered with<br \/>\n<strong>customer service excellence<\/strong> end-to-end.\n\t<p>Wir haben unser Unternehmen gegr\u00fcndet, um die Hindernisse f\u00fcr die Nutzung von Business Messaging zur Erreichung von Gesch\u00e4ftszielen zu beseitigen. Unser Team arbeitet eng mit unseren Kunden und Partnern zusammen, um sicherzustellen, dass sie die erforderliche Unterst\u00fctzung erhalten und den Wert von Business Messaging in ihrem Unternehmen maximieren k\u00f6nnen.<\/p>\n\t<p class=\" translation-block\">Ob indirekt \u00fcber Service-Provider-Partner oder direkt an Unternehmen, wir h\u00f6ren zu, verstehen und entwickeln L\u00f6sungen, die die Leistungsf\u00e4higkeit unserer Plattform mit dem Wissen und der Erfahrung kombinieren, um <strong>Business Messaging in Ihrem Unternehmen erfolgreich zu machen.<\/strong><\/p>\n\tBook a meeting to discuss how we can help you to use<br \/>\n omni-channel business messaging to serve your customers and grow your business.\n\t\t\t<a href=\"https:\/\/telxira.com\/de\/contact-us\/\" target=\"_self\" role=\"button\" rel=\"noopener\">\n\t\t\t\t\t\t\tNehmen Sie hier Kontakt auf\n\t\t\t\t\t<\/a>\n\t\t\t\t<img decoding=\"async\" loading=\"lazy\" src=\"https:\/\/telxira.com\/wp-content\/uploads\/2021\/12\/Wavy-Shape-Divider-2-New.png\" alt=\"Wavy Shape Divider 2 New\" itemprop=\"image\" height=\"481\" width=\"4000\" title=\"Wavy Shape Divider 2 New\" onerror=\"this.style.display='none'\"  \/>\n\t<p class=\" translation-block\">Warum telXira w\u00e4hlen?<\/p>\n\t<p>Wir beraten unsere Kunden und Partner und arbeiten mit ihnen zusammen, um ihre Ziele zu verstehen und ihnen die Tools, Erkenntnisse und Empfehlungen an die Hand zu geben, mit denen sie die Effizienz und den ROI maximieren k\u00f6nnen.<\/p>\n\t<p>Wir machen den Einstieg in das Business Messaging einfach und konzentrieren uns darauf, die Komplexit\u00e4t bei der Einf\u00fchrung und Weiterentwicklung von Business Messaging-L\u00f6sungen zu reduzieren.<\/p>\n\t<p>Wir geben unseren Kunden und Partnern die Kontrolle \u00fcber ihre Business Messaging-Dienste und sorgen f\u00fcr Transparenz und die M\u00f6glichkeit, ihre Kundenbeziehungen zu verwalten und auszubauen.<\/p>\n\t<p>We&#8217;re trusted by some of the largest players in international telecoms and have a track record of delivering customer service excellence to SMEs through to multinational corporations<\/p>\n<h2>\n\t\tUnser Team\n\t<\/h2>\n\t\t\t\t<img decoding=\"async\" src=\"https:\/\/telxira.com\/wp-content\/uploads\/2021\/12\/Ellen.jpg\" alt=\"Ellen\" title=\"Ellen\" itemprop=\"image\"\/>\n\t\t\t\t \n\t\t<h3>Ellen Velickovska<\/h3>Co-Founder &#038; Managing Director\t\t\t\t\t\n\t\t\t\t<img decoding=\"async\" src=\"https:\/\/telxira.com\/wp-content\/uploads\/2021\/12\/Fredy.jpg\" alt=\"Fredy\" title=\"Fredy\" itemprop=\"image\"\/>\n\t\t\t\t \n\t\t<h3>Fredy Rieder<\/h3>Co-Founder &#038; Chief Technology Officer\t\t\t\t\t\n\t\t\t\t<img decoding=\"async\" src=\"https:\/\/telxira.com\/wp-content\/uploads\/2021\/12\/Ana.jpg\" alt=\"Ana\" title=\"Ana\" itemprop=\"image\"\/>\n\t\t\t\t \n\t\t<h3>Ana Marinkovi\u0107<\/h3>Head of Support\t\t\t\t\t\n\t\t\t\t<img decoding=\"async\" src=\"https:\/\/telxira.com\/wp-content\/uploads\/2021\/12\/Igor-1.jpg\" alt=\"Igor-1\" title=\"Igor-1\" itemprop=\"image\"\/>\n\t\t\t\t \n\t\t<h3>Igor S\u0142omski<\/h3>Head of Development","protected":false},"excerpt":{"rendered":"<p>We make it simple, efficient, and easy to meet your business goals with business messaging telXira was founded in 2013 to challenge the status quo in the business messaging market and deliver user-centric solutions that are delivered with customer service excellence end-to-end. We launched our business to remove the barriers to using business messaging to &hellip;<\/p>\n<p class=\"read-more\"> <a class=\"\" href=\"https:\/\/telxira.com\/de\/about-us\/\"> <span class=\"screen-reader-text\">\u00dcber uns<\/span> Weiterlesen \u00bb<\/a><\/p>","protected":false},"author":1,"featured_media":0,"parent":0,"menu_order":0,"comment_status":"closed","ping_status":"closed","template":"","meta":{"om_disable_all_campaigns":false,"_mi_skip_tracking":false,"site-sidebar-layout":"","site-content-layout":"","ast-main-header-display":"","ast-hfb-above-header-display":"","ast-hfb-below-header-display":"","ast-hfb-mobile-header-display":"","site-post-title":"disabled","ast-breadcrumbs-content":"","ast-featured-img":"","footer-sml-layout":"","theme-transparent-header-meta":"enabled","adv-header-id-meta":"","stick-header-meta":"","header-above-stick-meta":"","header-main-stick-meta":"","header-below-stick-meta":""},"aioseo_notices":[],"_links":{"self":[{"href":"https:\/\/telxira.com\/de\/wp-json\/wp\/v2\/pages\/10"}],"collection":[{"href":"https:\/\/telxira.com\/de\/wp-json\/wp\/v2\/pages"}],"about":[{"href":"https:\/\/telxira.com\/de\/wp-json\/wp\/v2\/types\/page"}],"author":[{"embeddable":true,"href":"https:\/\/telxira.com\/de\/wp-json\/wp\/v2\/users\/1"}],"replies":[{"embeddable":true,"href":"https:\/\/telxira.com\/de\/wp-json\/wp\/v2\/comments?post=10"}],"version-history":[{"count":38,"href":"https:\/\/telxira.com\/de\/wp-json\/wp\/v2\/pages\/10\/revisions"}],"predecessor-version":[{"id":711,"href":"https:\/\/telxira.com\/de\/wp-json\/wp\/v2\/pages\/10\/revisions\/711"}],"wp:attachment":[{"href":"https:\/\/telxira.com\/de\/wp-json\/wp\/v2\/media?parent=10"}],"curies":[{"name":"wp","href":"https:\/\/api.w.org\/{rel}","templated":true}]}}